{"id":2,"date":"2017-06-05T13:14:00","date_gmt":"2017-06-05T11:14:00","guid":{"rendered":"http:\/\/kodeksus.prof24.pl\/?page_id=2"},"modified":"2022-01-31T21:00:41","modified_gmt":"2022-01-31T20:00:41","slug":"przykladowa-strona","status":"publish","type":"page","link":"https:\/\/kodeksus.pl\/","title":{"rendered":"Strona G\u0142\u00f3wna"},"content":{"rendered":"\n<p><\/p>\n\n\n<p style=\"text-align: center;\"><img loading=\"lazy\" decoding=\"async\" class=\"alignleft size-medium wp-image-24\" src=\"http:\/\/kodeksus.pl\/wp-content\/uploads\/2017\/06\/P1020327b-300x290.jpg\" alt=\"Adwokat Brzesko, Tarn\u00f3w, Bochnia\" width=\"300\" height=\"290\" srcset=\"https:\/\/kodeksus.pl\/wp-content\/uploads\/2017\/06\/P1020327b-300x290.jpg 300w, https:\/\/kodeksus.pl\/wp-content\/uploads\/2017\/06\/P1020327b.jpg 353w\" sizes=\"auto, (max-width: 300px) 100vw, 300px\" \/>\u00a0Jestem adwokatem specjalizuj\u0105cym si\u0119 w <strong>prawie rodzinnym, spadkowym i rzeczowym<\/strong>. \u015awiadcz\u0119 us\u0142ugi prawne osobom fizycznym, jak i prawnym. Dok\u0142adam wszelkiej staranno\u015bci, aby zapewni\u0107 moim klientom <strong>wysokiej jako\u015bci us\u0142ugi prawne<\/strong>,<strong> zrozumiale porady prawne<\/strong> i kompleksow\u0105 reprezentacj\u0119 w trakcie<strong> post\u0119powania s\u0105dowego, jak i pozas\u0105dowego.<\/strong><\/p>\n<p style=\"text-align: center;\">\u00a0 \u00a0Moj\u0105 cech\u0105 jest<strong> rzetelno\u015b\u0107<\/strong>, <strong>zaanga\u017cowanie<\/strong>,<strong> terminowo\u015b\u0107<\/strong> oraz <strong>dyskrecja<\/strong>.<\/p>\n<p style=\"text-align: center;\">\u00a0 \u00a0 \u00a0 \u00a0 \u00a0 \u00a0 \u00a0Wiele lat do\u015bwiadcze\u0144 gwarantuje <strong>wysok\u0105 jako\u015b\u0107 us\u0142ug prawnych<\/strong>.\u00a0\u00a0Czas i metody pracy dostosowuj\u0119 <strong>do indywidualnych potrzeb i mo\u017cliwo\u015bci Klient\u00f3w<\/strong>, kt\u00f3rym pomagam\u00a0 rozwi\u0105zywa\u0107 problemy nie tylko o charakterze prawnym, ale i \u017cyciowym. Us\u0142ugi prawnicze \u015bwiadcz\u0119 osobi\u015bcie, cho\u0107 wsp\u00f3\u0142pracuj\u0119 tak\u017ce ze sprawdzonym i zaufanym zespo\u0142em prawnik\u00f3w i notariuszy w ca\u0142ej Polsce. Kieruj\u0119 si\u0119 przede wszystkim <strong>dobrem Klienta i\u00a0 Kodeksem Etyki zawodu<\/strong>.\u00a0<\/p>\n<p><strong>Specjalizacja:<\/strong><\/p>\n<ul>\n<li>prawo cywilne (m.in. s\u0142u\u017cebno\u015bci drogi, zasiedzenie, spadki, eksmisje)<\/li>\n<li>prawo rodzinne (m.in. rozwody, separacje, podzia\u0142y maj\u0105tk\u00f3w ma\u0142\u017conk\u00f3w, sprawy dotycz\u0105ce ma\u0142oletnich: kwestie opieki, kontakt\u00f3w, aliment\u00f3w itp.)<\/li>\n<li>prawo karne<\/li>\n<li>windykacje wierzytelno\u015bci (zad\u0142u\u017cenia w bankach i innych instytucjach)<\/li>\n<li>negocjacje\/mediacje<\/li>\n<li>sporz\u0105dzanie um\u00f3w, opinii, analizy prawne<\/li>\n<li>prawo pracy<\/li>\n<li>komercjalizacja powierzchni handlowych (umowy najmu)<\/li>\n<\/ul>\n<div>\u00a0<\/div>\n<p><strong>FILIA WARSZAWA <\/strong><\/p>\n<p><strong style=\"font-size: inherit; background-color: initial;\">ul. Motorowa 10\/2, 04-035 Warszawa<\/strong><\/p>\n<p><strong>Specjalizacja:<\/strong><\/p>\n<ul>\n<li>prawo rodzinne (m.in. rozwody, separacje,\u00a0 sprawy dotycz\u0105ce ma\u0142oletnich: kwestie opieki, kontakt\u00f3w, aliment\u00f3w itp.)<\/li>\n<li>podzia\u0142 maj\u0105tku wsp\u00f3lnego ma\u0142\u017conk\u00f3w<\/li>\n<li>spadki i dzia\u0142y spadk\u00f3w,\u00a0 zachowek<\/li>\n<li>komercjalizacja powierzchni handlowych (umowy najmu)<\/li>\n<\/ul>\n<div>\u00a0<\/div>\n<p>\u00a0<\/p>","protected":false},"excerpt":{"rendered":"<p>\u00a0Jestem adwokatem specjalizuj\u0105cym si\u0119 w prawie rodzinnym, spadkowym i rzeczowym. \u015awiadcz\u0119 us\u0142ugi prawne osobom fizycznym, jak i prawnym. Dok\u0142adam wszelkiej staranno\u015bci, aby zapewni\u0107 moim klientom wysokiej jako\u015bci us\u0142ugi prawne, zrozumiale porady prawne i kompleksow\u0105 reprezentacj\u0119 w trakcie post\u0119powania s\u0105dowego, jak i pozas\u0105dowego. \u00a0 \u00a0Moj\u0105 cech\u0105 jest rzetelno\u015b\u0107, zaanga\u017cowanie, terminowo\u015b\u0107 oraz dyskrecja. \u00a0 \u00a0 \u00a0 \u00a0 &#8230; <a title=\"Strona G\u0142\u00f3wna\" class=\"read-more\" href=\"https:\/\/kodeksus.pl\/\" aria-label=\"Read more about Strona G\u0142\u00f3wna\">Dowiedz si\u0119 wi\u0119cej<\/a><\/p>\n","protected":false},"author":1,"featured_media":0,"parent":0,"menu_order":0,"comment_status":"closed","ping_status":"open","template":"","meta":{"footnotes":""},"class_list":["post-2","page","type-page","status-publish"],"_links":{"self":[{"href":"https:\/\/kodeksus.pl\/index.php\/wp-json\/wp\/v2\/pages\/2","targetHints":{"allow":["GET"]}}],"collection":[{"href":"https:\/\/kodeksus.pl\/index.php\/wp-json\/wp\/v2\/pages"}],"about":[{"href":"https:\/\/kodeksus.pl\/index.php\/wp-json\/wp\/v2\/types\/page"}],"author":[{"embeddable":true,"href":"https:\/\/kodeksus.pl\/index.php\/wp-json\/wp\/v2\/users\/1"}],"replies":[{"embeddable":true,"href":"https:\/\/kodeksus.pl\/index.php\/wp-json\/wp\/v2\/comments?post=2"}],"version-history":[{"count":46,"href":"https:\/\/kodeksus.pl\/index.php\/wp-json\/wp\/v2\/pages\/2\/revisions"}],"predecessor-version":[{"id":121,"href":"https:\/\/kodeksus.pl\/index.php\/wp-json\/wp\/v2\/pages\/2\/revisions\/121"}],"wp:attachment":[{"href":"https:\/\/kodeksus.pl\/index.php\/wp-json\/wp\/v2\/media?parent=2"}],"curies":[{"name":"wp","href":"https:\/\/api.w.org\/{rel}","templated":true}]}}