{"id":26,"date":"2017-06-05T14:44:40","date_gmt":"2017-06-05T12:44:40","guid":{"rendered":"http:\/\/kodeksus.prof24.pl\/?page_id=26"},"modified":"2021-11-15T14:14:31","modified_gmt":"2021-11-15T13:14:31","slug":"praktyka","status":"publish","type":"page","link":"https:\/\/kodeksus.pl\/index.php\/praktyka\/","title":{"rendered":"Praktyka"},"content":{"rendered":"<p>Kancelaria Adwokacka Adwokat Ma\u0142gorzata Mikusek<\/p>\n<p>Studia prawnicze uko\u0144czy\u0142am na Wydziale Prawa i Administracji Uniwersytetu Jagiello\u0144skiego.<\/p>\n<p>Po studiach podj\u0119\u0142am prac\u0119 m.in. w Ministerstwie Finans\u00f3w i w Generalnym Inspektoracie Ochrony Danych Osobowych. Od 2008 roku pracowa\u0142am w kancelarii prawnej Trusiewicz i Siwko w Warszawie, gdzie zajmowa\u0142am si\u0119 obs\u0142ug\u0105 prawn\u0105 os\u00f3b fizycznych i prawnych, w tym komercjalizacj\u0105 powierzchni handlowych.<\/p>\n<p>Od 2010 roku prowadz\u0119 indywidualn\u0105 kancelari\u0119 adwokack\u0105. Specjalizuje si\u0119 w obs\u0142udze os\u00f3b fizycznych, w tym w szczeg\u00f3lno\u015bci z zakresu prawa\u00a0 rodzinnego, cywilnego oraz karnego.<\/p>\n<p>Siedziba mojej Kancelarii znajduje si\u0119 w Brzesku. Od listopada 2021 r. otworzy\u0142am r\u00f3wnie\u017c fili\u0119 w Warszawie.<\/p>\n","protected":false},"excerpt":{"rendered":"<p>Kancelaria Adwokacka Adwokat Ma\u0142gorzata Mikusek Studia prawnicze uko\u0144czy\u0142am na Wydziale Prawa i Administracji Uniwersytetu Jagiello\u0144skiego. Po studiach podj\u0119\u0142am prac\u0119 m.in. w Ministerstwie Finans\u00f3w i w Generalnym Inspektoracie Ochrony Danych Osobowych. Od 2008 roku pracowa\u0142am w kancelarii prawnej Trusiewicz i Siwko w Warszawie, gdzie zajmowa\u0142am si\u0119 obs\u0142ug\u0105 prawn\u0105 os\u00f3b fizycznych i prawnych, w tym komercjalizacj\u0105 powierzchni &#8230; <a title=\"Praktyka\" class=\"read-more\" href=\"https:\/\/kodeksus.pl\/index.php\/praktyka\/\" aria-label=\"Read more about Praktyka\">Dowiedz si\u0119 wi\u0119cej<\/a><\/p>\n","protected":false},"author":1,"featured_media":0,"parent":0,"menu_order":0,"comment_status":"closed","ping_status":"closed","template":"","meta":{"footnotes":""},"class_list":["post-26","page","type-page","status-publish"],"_links":{"self":[{"href":"https:\/\/kodeksus.pl\/index.php\/wp-json\/wp\/v2\/pages\/26","targetHints":{"allow":["GET"]}}],"collection":[{"href":"https:\/\/kodeksus.pl\/index.php\/wp-json\/wp\/v2\/pages"}],"about":[{"href":"https:\/\/kodeksus.pl\/index.php\/wp-json\/wp\/v2\/types\/page"}],"author":[{"embeddable":true,"href":"https:\/\/kodeksus.pl\/index.php\/wp-json\/wp\/v2\/users\/1"}],"replies":[{"embeddable":true,"href":"https:\/\/kodeksus.pl\/index.php\/wp-json\/wp\/v2\/comments?post=26"}],"version-history":[{"count":7,"href":"https:\/\/kodeksus.pl\/index.php\/wp-json\/wp\/v2\/pages\/26\/revisions"}],"predecessor-version":[{"id":116,"href":"https:\/\/kodeksus.pl\/index.php\/wp-json\/wp\/v2\/pages\/26\/revisions\/116"}],"wp:attachment":[{"href":"https:\/\/kodeksus.pl\/index.php\/wp-json\/wp\/v2\/media?parent=26"}],"curies":[{"name":"wp","href":"https:\/\/api.w.org\/{rel}","templated":true}]}}